{"id":399,"date":"2022-01-18T04:18:13","date_gmt":"2022-01-18T04:18:13","guid":{"rendered":"https:\/\/www.dlphoto.ca\/?page_id=399"},"modified":"2024-02-04T04:28:03","modified_gmt":"2024-02-04T04:28:03","slug":"photographie-aerienne-drone","status":"publish","type":"page","link":"https:\/\/www.dlphoto.ca\/en\/photographie-aerienne-drone\/","title":{"rendered":"Photographie a\u00e9rienne (Drone)"},"content":{"rendered":"<p>Il y avait un temps o\u00f9 la photographie a\u00e9rienne \u00e9tait pratiquement r\u00e9serv\u00e9e aux propri\u00e9t\u00e9s haut-de-gamme en raison du prix substantiel de ce service. Heureusement, les drones ont rendu possible d&rsquo;offrir un service rentable qui permet de donner une autre perspective de n&rsquo;importe quelle propri\u00e9t\u00e9.<\/p>\n\n\n\n<p>Les courtiers immobiliers se tournent de plus en plus vers le drone pour r\u00e9aliser l&rsquo;image cl\u00e9 du listing. Apr\u00e8s tout, y a-t-il un meilleur moyen de mettre en valeur la piscine creus\u00e9e ou la cour parfaitement am\u00e9nag\u00e9e? Ou peut-\u00eatre d\u00e9sirez-vous faire remarquer le bord-de-l&rsquo;eau ou le quartier hupp\u00e9. La photographie a\u00e9rienne \u00e0 l&rsquo;aide de drones est l&rsquo;un des meilleurs moyens pour les courtier immobiliers de faire sortir leur listing du lot. <\/p>\n\n\n\n<p>La photographie immobili\u00e8re a\u00e9rienne par drone ainsi que la vid\u00e9o font partie de mon arsenal d&rsquo;outils pour vous permettre d&rsquo;offrir une vue d&rsquo;ensemble de la propri\u00e9t\u00e9 aux potentiels acheteurs. Cela donnera assur\u00e9ment un boost \u00e0 votre marketing sur les plateformes sociales, sans compter un point de vue diff\u00e9rent qui ne peut \u00eatre vu \u00e0 partir du sol.<\/p>\n\n\n\n<p> <\/p>\n\n\n\n<figure class=\"wp-block-gallery aligncenter columns-2 is-cropped wp-block-gallery-1 is-layout-flex wp-block-gallery-is-layout-flex\"><ul class=\"blocks-gallery-grid\"><li class=\"blocks-gallery-item\"><figure><img loading=\"lazy\" decoding=\"async\" width=\"1024\" height=\"768\" src=\"https:\/\/www.dlphoto.ca\/wp-content\/uploads\/2022\/01\/final-8-sur-18-1024x768.jpg\" alt=\"\" data-id=\"400\" data-link=\"https:\/\/www.dlphoto.ca\/?attachment_id=400\" class=\"wp-image-400\" srcset=\"https:\/\/www.dlphoto.ca\/wp-content\/uploads\/2022\/01\/final-8-sur-18-1024x768.jpg 1024w, https:\/\/www.dlphoto.ca\/wp-content\/uploads\/2022\/01\/final-8-sur-18-300x225.jpg 300w, https:\/\/www.dlphoto.ca\/wp-content\/uploads\/2022\/01\/final-8-sur-18-768x576.jpg 768w, https:\/\/www.dlphoto.ca\/wp-content\/uploads\/2022\/01\/final-8-sur-18-1536x1152.jpg 1536w, https:\/\/www.dlphoto.ca\/wp-content\/uploads\/2022\/01\/final-8-sur-18-16x12.jpg 16w, https:\/\/www.dlphoto.ca\/wp-content\/uploads\/2022\/01\/final-8-sur-18-800x600.jpg 800w, https:\/\/www.dlphoto.ca\/wp-content\/uploads\/2022\/01\/final-8-sur-18-500x375.jpg 500w, https:\/\/www.dlphoto.ca\/wp-content\/uploads\/2022\/01\/final-8-sur-18.jpg 1920w\" sizes=\"(max-width: 1024px) 100vw, 1024px\" \/><\/figure><\/li><li class=\"blocks-gallery-item\"><figure><img loading=\"lazy\" decoding=\"async\" width=\"1024\" height=\"768\" src=\"https:\/\/www.dlphoto.ca\/wp-content\/uploads\/2022\/01\/final-13-sur-18-1024x768.jpg\" alt=\"\" data-id=\"401\" data-link=\"https:\/\/www.dlphoto.ca\/?attachment_id=401\" class=\"wp-image-401\" srcset=\"https:\/\/www.dlphoto.ca\/wp-content\/uploads\/2022\/01\/final-13-sur-18-1024x768.jpg 1024w, https:\/\/www.dlphoto.ca\/wp-content\/uploads\/2022\/01\/final-13-sur-18-300x225.jpg 300w, https:\/\/www.dlphoto.ca\/wp-content\/uploads\/2022\/01\/final-13-sur-18-768x576.jpg 768w, https:\/\/www.dlphoto.ca\/wp-content\/uploads\/2022\/01\/final-13-sur-18-1536x1152.jpg 1536w, https:\/\/www.dlphoto.ca\/wp-content\/uploads\/2022\/01\/final-13-sur-18-16x12.jpg 16w, https:\/\/www.dlphoto.ca\/wp-content\/uploads\/2022\/01\/final-13-sur-18-800x600.jpg 800w, https:\/\/www.dlphoto.ca\/wp-content\/uploads\/2022\/01\/final-13-sur-18-500x375.jpg 500w, https:\/\/www.dlphoto.ca\/wp-content\/uploads\/2022\/01\/final-13-sur-18.jpg 1920w\" sizes=\"(max-width: 1024px) 100vw, 1024px\" \/><\/figure><\/li><li class=\"blocks-gallery-item\"><figure><img loading=\"lazy\" decoding=\"async\" width=\"1024\" height=\"768\" src=\"https:\/\/www.dlphoto.ca\/wp-content\/uploads\/2022\/01\/final-17-sur-18-1024x768.jpg\" alt=\"\" data-id=\"402\" data-link=\"https:\/\/www.dlphoto.ca\/?attachment_id=402\" class=\"wp-image-402\" srcset=\"https:\/\/www.dlphoto.ca\/wp-content\/uploads\/2022\/01\/final-17-sur-18-1024x768.jpg 1024w, https:\/\/www.dlphoto.ca\/wp-content\/uploads\/2022\/01\/final-17-sur-18-300x225.jpg 300w, https:\/\/www.dlphoto.ca\/wp-content\/uploads\/2022\/01\/final-17-sur-18-768x576.jpg 768w, https:\/\/www.dlphoto.ca\/wp-content\/uploads\/2022\/01\/final-17-sur-18-1536x1152.jpg 1536w, https:\/\/www.dlphoto.ca\/wp-content\/uploads\/2022\/01\/final-17-sur-18-16x12.jpg 16w, https:\/\/www.dlphoto.ca\/wp-content\/uploads\/2022\/01\/final-17-sur-18-800x600.jpg 800w, https:\/\/www.dlphoto.ca\/wp-content\/uploads\/2022\/01\/final-17-sur-18-500x375.jpg 500w, https:\/\/www.dlphoto.ca\/wp-content\/uploads\/2022\/01\/final-17-sur-18.jpg 1920w\" sizes=\"(max-width: 1024px) 100vw, 1024px\" \/><\/figure><\/li><li class=\"blocks-gallery-item\"><figure><img loading=\"lazy\" decoding=\"async\" width=\"1024\" height=\"768\" src=\"https:\/\/www.dlphoto.ca\/wp-content\/uploads\/2022\/01\/final-18-sur-18-1024x768.jpg\" alt=\"\" data-id=\"403\" data-link=\"https:\/\/www.dlphoto.ca\/?attachment_id=403\" class=\"wp-image-403\" srcset=\"https:\/\/www.dlphoto.ca\/wp-content\/uploads\/2022\/01\/final-18-sur-18-1024x768.jpg 1024w, https:\/\/www.dlphoto.ca\/wp-content\/uploads\/2022\/01\/final-18-sur-18-300x225.jpg 300w, https:\/\/www.dlphoto.ca\/wp-content\/uploads\/2022\/01\/final-18-sur-18-768x576.jpg 768w, https:\/\/www.dlphoto.ca\/wp-content\/uploads\/2022\/01\/final-18-sur-18-1536x1152.jpg 1536w, https:\/\/www.dlphoto.ca\/wp-content\/uploads\/2022\/01\/final-18-sur-18-16x12.jpg 16w, https:\/\/www.dlphoto.ca\/wp-content\/uploads\/2022\/01\/final-18-sur-18-800x600.jpg 800w, https:\/\/www.dlphoto.ca\/wp-content\/uploads\/2022\/01\/final-18-sur-18-500x375.jpg 500w, https:\/\/www.dlphoto.ca\/wp-content\/uploads\/2022\/01\/final-18-sur-18.jpg 1920w\" sizes=\"(max-width: 1024px) 100vw, 1024px\" \/><\/figure><\/li><li class=\"blocks-gallery-item\"><figure><img loading=\"lazy\" decoding=\"async\" width=\"1024\" height=\"681\" src=\"https:\/\/www.dlphoto.ca\/wp-content\/uploads\/2022\/01\/final-30-sur-44-1024x681.jpg\" alt=\"\" data-id=\"404\" data-link=\"https:\/\/www.dlphoto.ca\/?attachment_id=404\" class=\"wp-image-404\" srcset=\"https:\/\/www.dlphoto.ca\/wp-content\/uploads\/2022\/01\/final-30-sur-44-1024x681.jpg 1024w, https:\/\/www.dlphoto.ca\/wp-content\/uploads\/2022\/01\/final-30-sur-44-300x200.jpg 300w, https:\/\/www.dlphoto.ca\/wp-content\/uploads\/2022\/01\/final-30-sur-44-768x511.jpg 768w, https:\/\/www.dlphoto.ca\/wp-content\/uploads\/2022\/01\/final-30-sur-44-1536x1022.jpg 1536w, https:\/\/www.dlphoto.ca\/wp-content\/uploads\/2022\/01\/final-30-sur-44-18x12.jpg 18w, https:\/\/www.dlphoto.ca\/wp-content\/uploads\/2022\/01\/final-30-sur-44-500x333.jpg 500w, https:\/\/www.dlphoto.ca\/wp-content\/uploads\/2022\/01\/final-30-sur-44.jpg 1920w\" sizes=\"(max-width: 1024px) 100vw, 1024px\" \/><\/figure><\/li><li class=\"blocks-gallery-item\"><figure><img loading=\"lazy\" decoding=\"async\" width=\"1024\" height=\"768\" src=\"https:\/\/www.dlphoto.ca\/wp-content\/uploads\/2022\/01\/final-38-sur-44-1024x768.jpg\" alt=\"\" data-id=\"405\" data-link=\"https:\/\/www.dlphoto.ca\/?attachment_id=405\" class=\"wp-image-405\" srcset=\"https:\/\/www.dlphoto.ca\/wp-content\/uploads\/2022\/01\/final-38-sur-44-1024x768.jpg 1024w, https:\/\/www.dlphoto.ca\/wp-content\/uploads\/2022\/01\/final-38-sur-44-300x225.jpg 300w, https:\/\/www.dlphoto.ca\/wp-content\/uploads\/2022\/01\/final-38-sur-44-768x576.jpg 768w, https:\/\/www.dlphoto.ca\/wp-content\/uploads\/2022\/01\/final-38-sur-44-1536x1152.jpg 1536w, https:\/\/www.dlphoto.ca\/wp-content\/uploads\/2022\/01\/final-38-sur-44-16x12.jpg 16w, https:\/\/www.dlphoto.ca\/wp-content\/uploads\/2022\/01\/final-38-sur-44-800x600.jpg 800w, https:\/\/www.dlphoto.ca\/wp-content\/uploads\/2022\/01\/final-38-sur-44-500x375.jpg 500w, https:\/\/www.dlphoto.ca\/wp-content\/uploads\/2022\/01\/final-38-sur-44.jpg 1920w\" sizes=\"(max-width: 1024px) 100vw, 1024px\" \/><\/figure><\/li><li class=\"blocks-gallery-item\"><figure><img loading=\"lazy\" decoding=\"async\" width=\"1024\" height=\"768\" src=\"https:\/\/www.dlphoto.ca\/wp-content\/uploads\/2022\/01\/final-39-sur-44-1024x768.jpg\" alt=\"\" data-id=\"406\" data-link=\"https:\/\/www.dlphoto.ca\/?attachment_id=406\" class=\"wp-image-406\" srcset=\"https:\/\/www.dlphoto.ca\/wp-content\/uploads\/2022\/01\/final-39-sur-44-1024x768.jpg 1024w, https:\/\/www.dlphoto.ca\/wp-content\/uploads\/2022\/01\/final-39-sur-44-300x225.jpg 300w, https:\/\/www.dlphoto.ca\/wp-content\/uploads\/2022\/01\/final-39-sur-44-768x576.jpg 768w, https:\/\/www.dlphoto.ca\/wp-content\/uploads\/2022\/01\/final-39-sur-44-1536x1152.jpg 1536w, https:\/\/www.dlphoto.ca\/wp-content\/uploads\/2022\/01\/final-39-sur-44-16x12.jpg 16w, https:\/\/www.dlphoto.ca\/wp-content\/uploads\/2022\/01\/final-39-sur-44-800x600.jpg 800w, https:\/\/www.dlphoto.ca\/wp-content\/uploads\/2022\/01\/final-39-sur-44-500x375.jpg 500w, https:\/\/www.dlphoto.ca\/wp-content\/uploads\/2022\/01\/final-39-sur-44.jpg 1920w\" sizes=\"(max-width: 1024px) 100vw, 1024px\" \/><\/figure><\/li><li class=\"blocks-gallery-item\"><figure><img loading=\"lazy\" decoding=\"async\" width=\"1024\" height=\"681\" src=\"https:\/\/www.dlphoto.ca\/wp-content\/uploads\/2022\/01\/final-26-sur-34-1024x681.jpg\" alt=\"\" data-id=\"407\" data-link=\"https:\/\/www.dlphoto.ca\/?attachment_id=407\" class=\"wp-image-407\" srcset=\"https:\/\/www.dlphoto.ca\/wp-content\/uploads\/2022\/01\/final-26-sur-34-1024x681.jpg 1024w, https:\/\/www.dlphoto.ca\/wp-content\/uploads\/2022\/01\/final-26-sur-34-300x200.jpg 300w, https:\/\/www.dlphoto.ca\/wp-content\/uploads\/2022\/01\/final-26-sur-34-768x511.jpg 768w, https:\/\/www.dlphoto.ca\/wp-content\/uploads\/2022\/01\/final-26-sur-34-1536x1022.jpg 1536w, https:\/\/www.dlphoto.ca\/wp-content\/uploads\/2022\/01\/final-26-sur-34-18x12.jpg 18w, https:\/\/www.dlphoto.ca\/wp-content\/uploads\/2022\/01\/final-26-sur-34-500x333.jpg 500w, https:\/\/www.dlphoto.ca\/wp-content\/uploads\/2022\/01\/final-26-sur-34.jpg 1920w\" sizes=\"(max-width: 1024px) 100vw, 1024px\" \/><\/figure><\/li><li class=\"blocks-gallery-item\"><figure><img loading=\"lazy\" decoding=\"async\" width=\"1024\" height=\"681\" src=\"https:\/\/www.dlphoto.ca\/wp-content\/uploads\/2022\/01\/final-28-sur-34-1024x681.jpg\" alt=\"\" data-id=\"408\" data-link=\"https:\/\/www.dlphoto.ca\/?attachment_id=408\" class=\"wp-image-408\" srcset=\"https:\/\/www.dlphoto.ca\/wp-content\/uploads\/2022\/01\/final-28-sur-34-1024x681.jpg 1024w, https:\/\/www.dlphoto.ca\/wp-content\/uploads\/2022\/01\/final-28-sur-34-300x200.jpg 300w, https:\/\/www.dlphoto.ca\/wp-content\/uploads\/2022\/01\/final-28-sur-34-768x511.jpg 768w, https:\/\/www.dlphoto.ca\/wp-content\/uploads\/2022\/01\/final-28-sur-34-1536x1022.jpg 1536w, https:\/\/www.dlphoto.ca\/wp-content\/uploads\/2022\/01\/final-28-sur-34-18x12.jpg 18w, https:\/\/www.dlphoto.ca\/wp-content\/uploads\/2022\/01\/final-28-sur-34-500x333.jpg 500w, https:\/\/www.dlphoto.ca\/wp-content\/uploads\/2022\/01\/final-28-sur-34.jpg 1920w\" sizes=\"(max-width: 1024px) 100vw, 1024px\" \/><\/figure><\/li><li class=\"blocks-gallery-item\"><figure><img loading=\"lazy\" decoding=\"async\" width=\"1024\" height=\"681\" src=\"https:\/\/www.dlphoto.ca\/wp-content\/uploads\/2022\/01\/final-31-sur-34-1024x681.jpg\" alt=\"\" data-id=\"409\" data-link=\"https:\/\/www.dlphoto.ca\/?attachment_id=409\" class=\"wp-image-409\" srcset=\"https:\/\/www.dlphoto.ca\/wp-content\/uploads\/2022\/01\/final-31-sur-34-1024x681.jpg 1024w, https:\/\/www.dlphoto.ca\/wp-content\/uploads\/2022\/01\/final-31-sur-34-300x200.jpg 300w, https:\/\/www.dlphoto.ca\/wp-content\/uploads\/2022\/01\/final-31-sur-34-768x511.jpg 768w, https:\/\/www.dlphoto.ca\/wp-content\/uploads\/2022\/01\/final-31-sur-34-1536x1022.jpg 1536w, https:\/\/www.dlphoto.ca\/wp-content\/uploads\/2022\/01\/final-31-sur-34-18x12.jpg 18w, https:\/\/www.dlphoto.ca\/wp-content\/uploads\/2022\/01\/final-31-sur-34-500x333.jpg 500w, https:\/\/www.dlphoto.ca\/wp-content\/uploads\/2022\/01\/final-31-sur-34.jpg 1920w\" sizes=\"(max-width: 1024px) 100vw, 1024px\" \/><\/figure><\/li><li class=\"blocks-gallery-item\"><figure><img loading=\"lazy\" decoding=\"async\" width=\"1024\" height=\"681\" src=\"https:\/\/www.dlphoto.ca\/wp-content\/uploads\/2022\/01\/final-33-sur-34-1024x681.jpg\" alt=\"\" data-id=\"410\" data-link=\"https:\/\/www.dlphoto.ca\/?attachment_id=410\" class=\"wp-image-410\" srcset=\"https:\/\/www.dlphoto.ca\/wp-content\/uploads\/2022\/01\/final-33-sur-34-1024x681.jpg 1024w, https:\/\/www.dlphoto.ca\/wp-content\/uploads\/2022\/01\/final-33-sur-34-300x200.jpg 300w, https:\/\/www.dlphoto.ca\/wp-content\/uploads\/2022\/01\/final-33-sur-34-768x511.jpg 768w, https:\/\/www.dlphoto.ca\/wp-content\/uploads\/2022\/01\/final-33-sur-34-1536x1022.jpg 1536w, https:\/\/www.dlphoto.ca\/wp-content\/uploads\/2022\/01\/final-33-sur-34-18x12.jpg 18w, https:\/\/www.dlphoto.ca\/wp-content\/uploads\/2022\/01\/final-33-sur-34-500x333.jpg 500w, https:\/\/www.dlphoto.ca\/wp-content\/uploads\/2022\/01\/final-33-sur-34.jpg 1920w\" sizes=\"(max-width: 1024px) 100vw, 1024px\" \/><\/figure><\/li><li class=\"blocks-gallery-item\"><figure><img loading=\"lazy\" decoding=\"async\" width=\"1024\" height=\"681\" src=\"https:\/\/www.dlphoto.ca\/wp-content\/uploads\/2022\/01\/final-1-sur-24-1024x681.jpg\" alt=\"\" data-id=\"411\" data-link=\"https:\/\/www.dlphoto.ca\/?attachment_id=411\" class=\"wp-image-411\" srcset=\"https:\/\/www.dlphoto.ca\/wp-content\/uploads\/2022\/01\/final-1-sur-24-1024x681.jpg 1024w, https:\/\/www.dlphoto.ca\/wp-content\/uploads\/2022\/01\/final-1-sur-24-300x200.jpg 300w, https:\/\/www.dlphoto.ca\/wp-content\/uploads\/2022\/01\/final-1-sur-24-768x511.jpg 768w, https:\/\/www.dlphoto.ca\/wp-content\/uploads\/2022\/01\/final-1-sur-24-1536x1022.jpg 1536w, https:\/\/www.dlphoto.ca\/wp-content\/uploads\/2022\/01\/final-1-sur-24-18x12.jpg 18w, https:\/\/www.dlphoto.ca\/wp-content\/uploads\/2022\/01\/final-1-sur-24-500x333.jpg 500w, https:\/\/www.dlphoto.ca\/wp-content\/uploads\/2022\/01\/final-1-sur-24.jpg 1920w\" sizes=\"(max-width: 1024px) 100vw, 1024px\" \/><\/figure><\/li><li class=\"blocks-gallery-item\"><figure><img loading=\"lazy\" decoding=\"async\" width=\"1024\" height=\"683\" src=\"https:\/\/www.dlphoto.ca\/wp-content\/uploads\/2022\/01\/final-9-sur-23-1024x683.jpg\" alt=\"\" data-id=\"412\" data-link=\"https:\/\/www.dlphoto.ca\/?attachment_id=412\" class=\"wp-image-412\" srcset=\"https:\/\/www.dlphoto.ca\/wp-content\/uploads\/2022\/01\/final-9-sur-23-1024x683.jpg 1024w, https:\/\/www.dlphoto.ca\/wp-content\/uploads\/2022\/01\/final-9-sur-23-300x200.jpg 300w, https:\/\/www.dlphoto.ca\/wp-content\/uploads\/2022\/01\/final-9-sur-23-768x512.jpg 768w, https:\/\/www.dlphoto.ca\/wp-content\/uploads\/2022\/01\/final-9-sur-23-1536x1024.jpg 1536w, https:\/\/www.dlphoto.ca\/wp-content\/uploads\/2022\/01\/final-9-sur-23-18x12.jpg 18w, https:\/\/www.dlphoto.ca\/wp-content\/uploads\/2022\/01\/final-9-sur-23-500x333.jpg 500w, https:\/\/www.dlphoto.ca\/wp-content\/uploads\/2022\/01\/final-9-sur-23.jpg 1920w\" sizes=\"(max-width: 1024px) 100vw, 1024px\" \/><\/figure><\/li><li class=\"blocks-gallery-item\"><figure><img loading=\"lazy\" decoding=\"async\" width=\"1024\" height=\"683\" src=\"https:\/\/www.dlphoto.ca\/wp-content\/uploads\/2022\/01\/final-21-sur-23-1024x683.jpg\" alt=\"\" data-id=\"413\" data-link=\"https:\/\/www.dlphoto.ca\/?attachment_id=413\" class=\"wp-image-413\" srcset=\"https:\/\/www.dlphoto.ca\/wp-content\/uploads\/2022\/01\/final-21-sur-23-1024x683.jpg 1024w, https:\/\/www.dlphoto.ca\/wp-content\/uploads\/2022\/01\/final-21-sur-23-300x200.jpg 300w, https:\/\/www.dlphoto.ca\/wp-content\/uploads\/2022\/01\/final-21-sur-23-768x512.jpg 768w, https:\/\/www.dlphoto.ca\/wp-content\/uploads\/2022\/01\/final-21-sur-23-1536x1024.jpg 1536w, https:\/\/www.dlphoto.ca\/wp-content\/uploads\/2022\/01\/final-21-sur-23-18x12.jpg 18w, https:\/\/www.dlphoto.ca\/wp-content\/uploads\/2022\/01\/final-21-sur-23-500x333.jpg 500w, https:\/\/www.dlphoto.ca\/wp-content\/uploads\/2022\/01\/final-21-sur-23.jpg 1920w\" sizes=\"(max-width: 1024px) 100vw, 1024px\" \/><\/figure><\/li><li class=\"blocks-gallery-item\"><figure><img loading=\"lazy\" decoding=\"async\" width=\"1024\" height=\"683\" src=\"https:\/\/www.dlphoto.ca\/wp-content\/uploads\/2022\/01\/final-25-sur-30-1024x683.jpg\" alt=\"\" data-id=\"414\" data-full-url=\"https:\/\/www.dlphoto.ca\/wp-content\/uploads\/2022\/01\/final-25-sur-30.jpg\" data-link=\"https:\/\/www.dlphoto.ca\/?attachment_id=414\" class=\"wp-image-414\" srcset=\"https:\/\/www.dlphoto.ca\/wp-content\/uploads\/2022\/01\/final-25-sur-30-1024x683.jpg 1024w, https:\/\/www.dlphoto.ca\/wp-content\/uploads\/2022\/01\/final-25-sur-30-300x200.jpg 300w, https:\/\/www.dlphoto.ca\/wp-content\/uploads\/2022\/01\/final-25-sur-30-768x512.jpg 768w, https:\/\/www.dlphoto.ca\/wp-content\/uploads\/2022\/01\/final-25-sur-30-1536x1024.jpg 1536w, https:\/\/www.dlphoto.ca\/wp-content\/uploads\/2022\/01\/final-25-sur-30-18x12.jpg 18w, https:\/\/www.dlphoto.ca\/wp-content\/uploads\/2022\/01\/final-25-sur-30-500x333.jpg 500w, https:\/\/www.dlphoto.ca\/wp-content\/uploads\/2022\/01\/final-25-sur-30.jpg 1920w\" sizes=\"(max-width: 1024px) 100vw, 1024px\" \/><\/figure><\/li><li class=\"blocks-gallery-item\"><figure><img loading=\"lazy\" decoding=\"async\" width=\"1024\" height=\"683\" src=\"https:\/\/www.dlphoto.ca\/wp-content\/uploads\/2022\/01\/final-26-sur-30-1024x683.jpg\" alt=\"\" data-id=\"415\" data-full-url=\"https:\/\/www.dlphoto.ca\/wp-content\/uploads\/2022\/01\/final-26-sur-30.jpg\" data-link=\"https:\/\/www.dlphoto.ca\/?attachment_id=415\" class=\"wp-image-415\" srcset=\"https:\/\/www.dlphoto.ca\/wp-content\/uploads\/2022\/01\/final-26-sur-30-1024x683.jpg 1024w, https:\/\/www.dlphoto.ca\/wp-content\/uploads\/2022\/01\/final-26-sur-30-300x200.jpg 300w, https:\/\/www.dlphoto.ca\/wp-content\/uploads\/2022\/01\/final-26-sur-30-768x512.jpg 768w, https:\/\/www.dlphoto.ca\/wp-content\/uploads\/2022\/01\/final-26-sur-30-1536x1024.jpg 1536w, https:\/\/www.dlphoto.ca\/wp-content\/uploads\/2022\/01\/final-26-sur-30-18x12.jpg 18w, https:\/\/www.dlphoto.ca\/wp-content\/uploads\/2022\/01\/final-26-sur-30-500x333.jpg 500w, https:\/\/www.dlphoto.ca\/wp-content\/uploads\/2022\/01\/final-26-sur-30.jpg 1920w\" sizes=\"(max-width: 1024px) 100vw, 1024px\" \/><\/figure><\/li><li class=\"blocks-gallery-item\"><figure><img loading=\"lazy\" decoding=\"async\" width=\"1024\" height=\"683\" src=\"https:\/\/www.dlphoto.ca\/wp-content\/uploads\/2022\/01\/final-28-sur-30-1024x683.jpg\" alt=\"\" data-id=\"416\" data-full-url=\"https:\/\/www.dlphoto.ca\/wp-content\/uploads\/2022\/01\/final-28-sur-30.jpg\" data-link=\"https:\/\/www.dlphoto.ca\/?attachment_id=416\" class=\"wp-image-416\" srcset=\"https:\/\/www.dlphoto.ca\/wp-content\/uploads\/2022\/01\/final-28-sur-30-1024x683.jpg 1024w, https:\/\/www.dlphoto.ca\/wp-content\/uploads\/2022\/01\/final-28-sur-30-300x200.jpg 300w, https:\/\/www.dlphoto.ca\/wp-content\/uploads\/2022\/01\/final-28-sur-30-768x512.jpg 768w, https:\/\/www.dlphoto.ca\/wp-content\/uploads\/2022\/01\/final-28-sur-30-1536x1024.jpg 1536w, https:\/\/www.dlphoto.ca\/wp-content\/uploads\/2022\/01\/final-28-sur-30-18x12.jpg 18w, https:\/\/www.dlphoto.ca\/wp-content\/uploads\/2022\/01\/final-28-sur-30-500x333.jpg 500w, https:\/\/www.dlphoto.ca\/wp-content\/uploads\/2022\/01\/final-28-sur-30.jpg 1920w\" sizes=\"(max-width: 1024px) 100vw, 1024px\" \/><\/figure><\/li><\/ul><figcaption class=\"blocks-gallery-caption\"><em>Photographies r\u00e9alis\u00e9es par Dany Lavoie Photographe<\/em><\/figcaption><\/figure>\n\n\n\n<div style=\"height:42px\" aria-hidden=\"true\" class=\"wp-block-spacer\"><\/div>\n\n\n\n<p class=\"has-drop-cap\"><strong>\u00c0 partir de 99.99$<\/strong> <em>pour 5 photos<\/em><\/p>\n\n\n\n<p>If you want to have more information about pricing, please visit my order now tab where you will be able to choose your package and options to get a tailor-made order that will suit your needs.<\/p>\n\n\n\n<p>Livraison en 48h. Des frais de d\u00e9placement peuvent s\u2019appliquer. M\u00e9t\u00e9o doit \u00eatre cl\u00e9mente et l&rsquo;adresse doit \u00eatre hors zone a\u00e9roportuaire. Pour commander, rendez-vous sur l\u2019onglet Commande ou cliquez<strong>&nbsp;<a href=\"https:\/\/marketplace.dlphoto.ca\/login?lang=eng\">HERE<\/a><\/strong><\/p>","protected":false},"excerpt":{"rendered":"<p>Il y avait un temps o\u00f9 la photographie a\u00e9rienne \u00e9tait pratiquement r\u00e9serv\u00e9e aux propri\u00e9t\u00e9s haut-de-gamme en raison du prix substantiel de ce service. Heureusement, les&hellip; <\/p>","protected":false},"author":1,"featured_media":0,"parent":0,"menu_order":0,"comment_status":"closed","ping_status":"closed","template":"page-templates\/aboutus-template.php","meta":{"_monsterinsights_skip_tracking":false,"_monsterinsights_sitenote_active":false,"_monsterinsights_sitenote_note":"","_monsterinsights_sitenote_category":0,"footnotes":""},"aioseo_notices":[],"_links":{"self":[{"href":"https:\/\/www.dlphoto.ca\/en\/wp-json\/wp\/v2\/pages\/399"}],"collection":[{"href":"https:\/\/www.dlphoto.ca\/en\/wp-json\/wp\/v2\/pages"}],"about":[{"href":"https:\/\/www.dlphoto.ca\/en\/wp-json\/wp\/v2\/types\/page"}],"author":[{"embeddable":true,"href":"https:\/\/www.dlphoto.ca\/en\/wp-json\/wp\/v2\/users\/1"}],"replies":[{"embeddable":true,"href":"https:\/\/www.dlphoto.ca\/en\/wp-json\/wp\/v2\/comments?post=399"}],"version-history":[{"count":11,"href":"https:\/\/www.dlphoto.ca\/en\/wp-json\/wp\/v2\/pages\/399\/revisions"}],"predecessor-version":[{"id":437,"href":"https:\/\/www.dlphoto.ca\/en\/wp-json\/wp\/v2\/pages\/399\/revisions\/437"}],"wp:attachment":[{"href":"https:\/\/www.dlphoto.ca\/en\/wp-json\/wp\/v2\/media?parent=399"}],"curies":[{"name":"wp","href":"https:\/\/api.w.org\/{rel}","templated":true}]}}