{"id":346,"date":"2020-11-13T14:51:01","date_gmt":"2020-11-13T14:51:01","guid":{"rendered":"http:\/\/www.dlphoto.ca\/?page_id=346"},"modified":"2024-02-04T04:28:55","modified_gmt":"2024-02-04T04:28:55","slug":"plans-de-propriete-2d","status":"publish","type":"page","link":"https:\/\/www.dlphoto.ca\/en\/plans-de-propriete-2d\/","title":{"rendered":"Plans de propri\u00e9t\u00e9 2D"},"content":{"rendered":"<p>Offrez aux acheteurs potentiels un plan de plancher en 2D de la propri\u00e9t\u00e9 afin qu&rsquo;ils puissent mieux comprendre l&rsquo;agencement des pi\u00e8ces et aider leur d\u00e9cision de visiter la propri\u00e9t\u00e9. Le plan inclus des mesures approximatives mais donnent une bonne id\u00e9e de la dimension r\u00e9elle des pi\u00e8ces.<\/p>\n\n\n\n<figure class=\"wp-block-image size-large\"><img loading=\"lazy\" decoding=\"async\" width=\"1024\" height=\"768\" src=\"http:\/\/www.dlphoto.ca\/wp-content\/uploads\/2020\/11\/all-in-one-dim_0-1024x768.jpg\" alt=\"\" class=\"wp-image-316\" srcset=\"https:\/\/www.dlphoto.ca\/wp-content\/uploads\/2020\/11\/all-in-one-dim_0-1024x768.jpg 1024w, https:\/\/www.dlphoto.ca\/wp-content\/uploads\/2020\/11\/all-in-one-dim_0-300x225.jpg 300w, https:\/\/www.dlphoto.ca\/wp-content\/uploads\/2020\/11\/all-in-one-dim_0-768x576.jpg 768w, https:\/\/www.dlphoto.ca\/wp-content\/uploads\/2020\/11\/all-in-one-dim_0-1536x1152.jpg 1536w, https:\/\/www.dlphoto.ca\/wp-content\/uploads\/2020\/11\/all-in-one-dim_0-2048x1536.jpg 2048w, https:\/\/www.dlphoto.ca\/wp-content\/uploads\/2020\/11\/all-in-one-dim_0-800x600.jpg 800w, https:\/\/www.dlphoto.ca\/wp-content\/uploads\/2020\/11\/all-in-one-dim_0-500x375.jpg 500w\" sizes=\"(max-width: 1024px) 100vw, 1024px\" \/><figcaption>Plan made by DL Photo<\/figcaption><\/figure>\n\n\n\n<p><strong>\u00c0 partir de 109.99$<\/strong><\/p>\n\n\n\n<p>If you would like more information on pricing, please go to the order now tab where you can choose your package and your options in order to have a personalized order according to your needs.<\/p>\n\n\n\n<p>Delivery in 48 to 72 hours. Travel costs may apply. To order, go to the Order tab or click<strong>&nbsp;<a href=\"https:\/\/marketplace.dlphoto.ca\/login?lang=eng\">HERE<\/a><\/strong><\/p>\n\n\n\n<p><\/p>","protected":false},"excerpt":{"rendered":"<p>Offrez aux acheteurs potentiels un plan de plancher en 2D de la propri\u00e9t\u00e9 afin qu&rsquo;ils puissent mieux comprendre l&rsquo;agencement des pi\u00e8ces et aider leur d\u00e9cision&hellip; <\/p>","protected":false},"author":1,"featured_media":0,"parent":0,"menu_order":0,"comment_status":"closed","ping_status":"closed","template":"page-templates\/aboutus-template.php","meta":{"_monsterinsights_skip_tracking":false,"_monsterinsights_sitenote_active":false,"_monsterinsights_sitenote_note":"","_monsterinsights_sitenote_category":0,"footnotes":""},"aioseo_notices":[],"_links":{"self":[{"href":"https:\/\/www.dlphoto.ca\/en\/wp-json\/wp\/v2\/pages\/346"}],"collection":[{"href":"https:\/\/www.dlphoto.ca\/en\/wp-json\/wp\/v2\/pages"}],"about":[{"href":"https:\/\/www.dlphoto.ca\/en\/wp-json\/wp\/v2\/types\/page"}],"author":[{"embeddable":true,"href":"https:\/\/www.dlphoto.ca\/en\/wp-json\/wp\/v2\/users\/1"}],"replies":[{"embeddable":true,"href":"https:\/\/www.dlphoto.ca\/en\/wp-json\/wp\/v2\/comments?post=346"}],"version-history":[{"count":3,"href":"https:\/\/www.dlphoto.ca\/en\/wp-json\/wp\/v2\/pages\/346\/revisions"}],"predecessor-version":[{"id":438,"href":"https:\/\/www.dlphoto.ca\/en\/wp-json\/wp\/v2\/pages\/346\/revisions\/438"}],"wp:attachment":[{"href":"https:\/\/www.dlphoto.ca\/en\/wp-json\/wp\/v2\/media?parent=346"}],"curies":[{"name":"wp","href":"https:\/\/api.w.org\/{rel}","templated":true}]}}