{"id":332,"date":"2020-11-13T05:55:53","date_gmt":"2020-11-13T05:55:53","guid":{"rendered":"http:\/\/www.dlphoto.ca\/?page_id=332"},"modified":"2024-02-04T04:33:20","modified_gmt":"2024-02-04T04:33:20","slug":"video","status":"publish","type":"page","link":"https:\/\/www.dlphoto.ca\/en\/video\/","title":{"rendered":"Video"},"content":{"rendered":"<p>Each real estate broker wants their listings to stand out from those of others. Video marketing is a great option for making connections between potential buyers and sellers and ultimately selling more properties.<\/p>\n\n\n\n<p>Real estate photographs have their limitations and can easily give the wrong impression of the layout of the premises or the size of the rooms. Photos alone cannot always demonstrate the character and charm of a property. The movement that a video can make will allow you to showcase your listing.<\/p>\n\n\n\n<p>The statistics are clear and show that social media users are much more likely to click on a video ad. When you consider that every viewing is a potential offer to buy, real estate videography will quickly become a must. <\/p>\n\n\n\n<figure class=\"wp-block-embed is-type-video is-provider-youtube wp-block-embed-youtube wp-embed-aspect-16-9 wp-has-aspect-ratio\"><div class=\"wp-block-embed__wrapper\">\n<iframe loading=\"lazy\" title=\"Maison \u00e0 vendre | 4403 rue King, Pierrefonds\" width=\"1778\" height=\"1000\" src=\"https:\/\/www.youtube.com\/embed\/CA1c8dQR7Wg?feature=oembed\" frameborder=\"0\" allow=\"accelerometer; autoplay; clipboard-write; encrypted-media; gyroscope; picture-in-picture; web-share\" allowfullscreen><\/iframe>\n<\/div><figcaption>Real estate video produced by DL Photo<\/figcaption><\/figure>\n\n\n\n<p>If you would like more information on pricing, please go to the order now tab where you can choose your package and your options in order to have a personalized order according to your needs.<\/p>\n\n\n\n<p><strong>\u00c0 partir de 240$<\/strong><\/p>\n\n\n\n<p>Delivery in 48 to 72 hours. Travel costs may apply. To order, go to the Order tab or click<strong>&nbsp;<a href=\"https:\/\/marketplace.dlphoto.ca\/login?lang=eng\">HERE<\/a><\/strong><\/p>","protected":false},"excerpt":{"rendered":"<p>Chaque courtier immobilier d\u00e9sire que ses inscriptions se d\u00e9marquent de celles des autres. Le marketing vid\u00e9o est une excellente option pour faire de connections entre&hellip; <\/p>","protected":false},"author":1,"featured_media":0,"parent":0,"menu_order":0,"comment_status":"closed","ping_status":"closed","template":"page-templates\/aboutus-template.php","meta":{"_monsterinsights_skip_tracking":false,"_monsterinsights_sitenote_active":false,"_monsterinsights_sitenote_note":"","_monsterinsights_sitenote_category":0,"footnotes":""},"aioseo_notices":[],"_links":{"self":[{"href":"https:\/\/www.dlphoto.ca\/en\/wp-json\/wp\/v2\/pages\/332"}],"collection":[{"href":"https:\/\/www.dlphoto.ca\/en\/wp-json\/wp\/v2\/pages"}],"about":[{"href":"https:\/\/www.dlphoto.ca\/en\/wp-json\/wp\/v2\/types\/page"}],"author":[{"embeddable":true,"href":"https:\/\/www.dlphoto.ca\/en\/wp-json\/wp\/v2\/users\/1"}],"replies":[{"embeddable":true,"href":"https:\/\/www.dlphoto.ca\/en\/wp-json\/wp\/v2\/comments?post=332"}],"version-history":[{"count":6,"href":"https:\/\/www.dlphoto.ca\/en\/wp-json\/wp\/v2\/pages\/332\/revisions"}],"predecessor-version":[{"id":440,"href":"https:\/\/www.dlphoto.ca\/en\/wp-json\/wp\/v2\/pages\/332\/revisions\/440"}],"wp:attachment":[{"href":"https:\/\/www.dlphoto.ca\/en\/wp-json\/wp\/v2\/media?parent=332"}],"curies":[{"name":"wp","href":"https:\/\/api.w.org\/{rel}","templated":true}]}}