{"id":330,"date":"2020-11-13T05:35:44","date_gmt":"2020-11-13T05:35:44","guid":{"rendered":"http:\/\/www.dlphoto.ca\/?page_id=330"},"modified":"2024-02-04T04:26:00","modified_gmt":"2024-02-04T04:26:00","slug":"photos","status":"publish","type":"page","link":"https:\/\/www.dlphoto.ca\/en\/photos\/","title":{"rendered":"Photographie immobili\u00e8re"},"content":{"rendered":"<p>J&rsquo;offre plusieurs forfaits photo immobili\u00e8re afin de r\u00e9pondre sp\u00e9cifiquement \u00e0 vos besoins. J&rsquo;utilise la technique HDR avanc\u00e9e 5 expositions haute r\u00e9solution. Chaque photo est retouch\u00e9e individuellement avec logiciel d\u2019\u00e9dition d\u2019image afin d&rsquo;offrir une qualit\u00e9 visuelle irr\u00e9prochable. Faites confiance \u00e0 un photographe immobilier d&rsquo;exp\u00e9rience pour vos besoins en images. Je me d\u00e9place dans toute la grande r\u00e9gion de Montr\u00e9al. (Laval, Longueuil, Vaudreuil-Dorion, Rive-Nord)<\/p>\n\n\n\n<h2 class=\"wp-block-heading\">Pourquoi choisir un photographe immobilier?<\/h2>\n\n\n\n<p>Pour mettre toutes les chances de votre c\u00f4t\u00e9, il est indispensable de pr\u00e9senter une annonce immobili\u00e8re de qualit\u00e9 afin de&nbsp;<strong>susciter de l&rsquo;int\u00e9r\u00eat<\/strong>. Une r\u00e9sidence peut \u00eatre parfaitement situ\u00e9, agenc\u00e9 et d\u00e9cor\u00e9, s&rsquo;il n&rsquo;est pas bien pr\u00e9sent\u00e9 \u00e0 la client\u00e8le, il ne donnera pas envie d&rsquo;\u00eatre achet\u00e9 ou lou\u00e9.<\/p>\n\n\n\n<p>Le travail d&rsquo;un photographe immobilier est de vous fournir&nbsp;<strong>les meilleurs conseils et les meilleurs outils<\/strong>&nbsp;pour obtenir des photos suscitant l&rsquo;int\u00e9r\u00eat pour la propri\u00e9t\u00e9. Il saura mettre en valeur chacune des pi\u00e8ces photographi\u00e9es, car il dispose d&rsquo;un&nbsp;<strong>bagage d&rsquo;exp\u00e9riences&nbsp;<\/strong>en la mati\u00e8re.<\/p>\n\n\n\n<p>M\u00eame si, avec les technologies d&rsquo;aujourd&rsquo;hui, tout le monde peut s&rsquo;improviser photographe le temps de sortir son appareil cellulaire dernier cri, celui-ci ne vient malheureusement pas avec le savoir-faire d&rsquo;un professionnel de l&rsquo;image. Ce dernier ma\u00eetrise toutes<strong>&nbsp;les techniques pour faire ressortir le meilleur<\/strong>&nbsp;des maisons ou des appartements : jeux de lumi\u00e8re, contraste, exposition, etc.<\/p>\n\n\n\n<h2 class=\"wp-block-heading\">Photographie HDR<\/h2>\n\n\n\n<p>La technique privil\u00e9gi\u00e9e pour la photographie immobili\u00e8re est sans contredit la photo HDR, pour <strong>High Dynamic Range<\/strong>. Comme son nom l&rsquo;indique, cette technique sert \u00e0 capturer un plus grand \u00e9ventail de luminosit\u00e9 de la sc\u00e8ne, c&rsquo;est-\u00e0-dire du plus lumineux au plus sombre d\u00e9tail de la photo. Pour ce faire, le photographe va prendre plusieurs expositions diff\u00e9rentes sans bouger sa cam\u00e9ra pour ensuite les combiner dans un logiciel sp\u00e9cialis\u00e9. Le r\u00e9sultat; une photo qui <strong>conserve les d\u00e9tails<\/strong> dans les ombres et dans les hautes lumi\u00e8res.<\/p>\n\n\n\n<p>Voici un exemple d&rsquo;une photo avant et apr\u00e8s traitement HDR et retouches usuelles (alignement des verticaux et autres).<\/p>\n\n\n\n<figure class=\"wp-block-image size-large\"><img loading=\"lazy\" decoding=\"async\" width=\"1024\" height=\"681\" src=\"https:\/\/www.dlphoto.ca\/wp-content\/uploads\/2022\/01\/final-2-sur-2-1024x681.jpg\" alt=\"\" class=\"wp-image-392\" srcset=\"https:\/\/www.dlphoto.ca\/wp-content\/uploads\/2022\/01\/final-2-sur-2-1024x681.jpg 1024w, https:\/\/www.dlphoto.ca\/wp-content\/uploads\/2022\/01\/final-2-sur-2-300x200.jpg 300w, https:\/\/www.dlphoto.ca\/wp-content\/uploads\/2022\/01\/final-2-sur-2-768x511.jpg 768w, https:\/\/www.dlphoto.ca\/wp-content\/uploads\/2022\/01\/final-2-sur-2-1536x1022.jpg 1536w, https:\/\/www.dlphoto.ca\/wp-content\/uploads\/2022\/01\/final-2-sur-2-18x12.jpg 18w, https:\/\/www.dlphoto.ca\/wp-content\/uploads\/2022\/01\/final-2-sur-2-500x333.jpg 500w, https:\/\/www.dlphoto.ca\/wp-content\/uploads\/2022\/01\/final-2-sur-2.jpg 1920w\" sizes=\"(max-width: 1024px) 100vw, 1024px\" \/><figcaption><em>Avant<\/em> &#8211; photo non retouch\u00e9e<\/figcaption><\/figure>\n\n\n\n<figure class=\"wp-block-image size-large is-style-default\"><img loading=\"lazy\" decoding=\"async\" width=\"1024\" height=\"681\" src=\"https:\/\/www.dlphoto.ca\/wp-content\/uploads\/2022\/01\/final-1-sur-2-1024x681.jpg\" alt=\"\" class=\"wp-image-393\" srcset=\"https:\/\/www.dlphoto.ca\/wp-content\/uploads\/2022\/01\/final-1-sur-2-1024x681.jpg 1024w, https:\/\/www.dlphoto.ca\/wp-content\/uploads\/2022\/01\/final-1-sur-2-300x200.jpg 300w, https:\/\/www.dlphoto.ca\/wp-content\/uploads\/2022\/01\/final-1-sur-2-768x511.jpg 768w, https:\/\/www.dlphoto.ca\/wp-content\/uploads\/2022\/01\/final-1-sur-2-1536x1022.jpg 1536w, https:\/\/www.dlphoto.ca\/wp-content\/uploads\/2022\/01\/final-1-sur-2-18x12.jpg 18w, https:\/\/www.dlphoto.ca\/wp-content\/uploads\/2022\/01\/final-1-sur-2-500x333.jpg 500w, https:\/\/www.dlphoto.ca\/wp-content\/uploads\/2022\/01\/final-1-sur-2.jpg 1920w\" sizes=\"(max-width: 1024px) 100vw, 1024px\" \/><figcaption><em>Apr\u00e8s<\/em> &#8211; photo trait\u00e9e HDR<\/figcaption><\/figure>\n\n\n\n<p>Ce qui saute aux yeux dans ces photographie est le niveau de d\u00e9tail dans les fen\u00eatres qui est perdu dans une photo ordinaire car la lumi\u00e8re de l&rsquo;ext\u00e9rieur est trop puissante pour \u00eatre balanc\u00e9e avec l&rsquo;\u00e9clairage int\u00e9rieur sur une exposition unique. La technique HDR vient ramener ce niveau de d\u00e9tail qui est important dans une photo immobili\u00e8re afin de montrer la vue des fen\u00eatre de la propri\u00e9t\u00e9 \u00e0 vendre. Il est d&rsquo;autant plus important si le bien \u00e0 mettre en valeur dispose d&rsquo;une vue \u00e0 couper le souffle !<\/p>\n\n\n\n<h2 class=\"wp-block-heading\">Interface Marketplace Centris<\/h2>\n\n\n\n<p>J&rsquo;utilise le service de Marketplace de Centris afin de g\u00e9rer les commandes. Ce service est tr\u00e8s avantageux et efficace, tant pour moi que pour mes clients courtiers immobiliers! <\/p>\n\n\n\n<ul><li>Marketplace Centris<ul><li>Syst\u00e8me de commande en ligne 24h\/24<\/li><li>Disponibilit\u00e9s du photographe en temps r\u00e9el<\/li><li>Facturation automatique<\/li><\/ul><ul><li>Possibilit\u00e9 de livrer les photos directement dans la fiche Centris de la propri\u00e9t\u00e9 \u00e0 vendre<\/li><li>Rappels de rendez-vous par courriel (possible d&rsquo;ajouter le courriel de votre client pour l&rsquo;aviser lui aussi)<\/li><\/ul><\/li><\/ul>\n\n\n\n<div style=\"height:51px\" aria-hidden=\"true\" class=\"wp-block-spacer\"><\/div>\n\n\n\n<p class=\"has-drop-cap\"><strong>\u00c0 partir de 129.99$<\/strong> <em>pour 25 photos<\/em><\/p>\n\n\n\n<p>If you want to have more information about pricing, please visit my order now tab where you will be able to choose your package and options to get a tailor-made order that will suit your needs.<\/p>\n\n\n\n<p>I deliver pictures within 48h. Travel fees may apply. To place an order, go to the ORDER NOW tab above or click<strong>&nbsp;<a href=\"https:\/\/marketplace.dlphoto.ca\/login?lang=eng\">HERE<\/a><\/strong><\/p>","protected":false},"excerpt":{"rendered":"<p>J&rsquo;offre plusieurs forfaits photo immobili\u00e8re afin de r\u00e9pondre sp\u00e9cifiquement \u00e0 vos besoins. J&rsquo;utilise la technique HDR avanc\u00e9e 5 expositions haute r\u00e9solution. Chaque photo est retouch\u00e9e&hellip; <\/p>","protected":false},"author":1,"featured_media":0,"parent":0,"menu_order":0,"comment_status":"closed","ping_status":"closed","template":"page-templates\/aboutus-template.php","meta":{"_monsterinsights_skip_tracking":false,"_monsterinsights_sitenote_active":false,"_monsterinsights_sitenote_note":"","_monsterinsights_sitenote_category":0,"footnotes":""},"aioseo_notices":[],"_links":{"self":[{"href":"https:\/\/www.dlphoto.ca\/en\/wp-json\/wp\/v2\/pages\/330"}],"collection":[{"href":"https:\/\/www.dlphoto.ca\/en\/wp-json\/wp\/v2\/pages"}],"about":[{"href":"https:\/\/www.dlphoto.ca\/en\/wp-json\/wp\/v2\/types\/page"}],"author":[{"embeddable":true,"href":"https:\/\/www.dlphoto.ca\/en\/wp-json\/wp\/v2\/users\/1"}],"replies":[{"embeddable":true,"href":"https:\/\/www.dlphoto.ca\/en\/wp-json\/wp\/v2\/comments?post=330"}],"version-history":[{"count":7,"href":"https:\/\/www.dlphoto.ca\/en\/wp-json\/wp\/v2\/pages\/330\/revisions"}],"predecessor-version":[{"id":435,"href":"https:\/\/www.dlphoto.ca\/en\/wp-json\/wp\/v2\/pages\/330\/revisions\/435"}],"wp:attachment":[{"href":"https:\/\/www.dlphoto.ca\/en\/wp-json\/wp\/v2\/media?parent=330"}],"curies":[{"name":"wp","href":"https:\/\/api.w.org\/{rel}","templated":true}]}}